{"id":102,"date":"2024-08-22T17:51:02","date_gmt":"2024-08-22T17:51:02","guid":{"rendered":"https:\/\/jenetoklao.fr\/?page_id=102"},"modified":"2025-10-09T19:07:01","modified_gmt":"2025-10-09T19:07:01","slug":"a-propos","status":"publish","type":"page","link":"https:\/\/jenetoklao.fr\/index.php\/a-propos\/","title":{"rendered":"\u00e0 propos"},"content":{"rendered":"\t\t<div data-elementor-type=\"wp-page\" data-elementor-id=\"102\" class=\"elementor elementor-102\">\n\t\t\t\t<div class=\"elementor-element elementor-element-5a62036e e-con-full e-flex wpr-particle-no wpr-jarallax-no wpr-parallax-no wpr-sticky-section-no e-con e-parent\" data-id=\"5a62036e\" data-element_type=\"container\" data-settings=\"{&quot;background_background&quot;:&quot;classic&quot;}\">\n\t\t<div class=\"elementor-element elementor-element-5e670fd0 e-con-full e-flex wpr-particle-no wpr-jarallax-no wpr-parallax-no wpr-sticky-section-no e-con e-child\" data-id=\"5e670fd0\" data-element_type=\"container\">\n\t\t\t\t<div class=\"elementor-element elementor-element-44cb84d5 elementor-widget elementor-widget-heading\" data-id=\"44cb84d5\" data-element_type=\"widget\" data-widget_type=\"heading.default\">\n\t\t\t\t<div class=\"elementor-widget-container\">\n\t\t\t\t\t<h1 class=\"elementor-heading-title elementor-size-default\"><br>Jen &amp; Oklao<\/h1>\t\t\t\t<\/div>\n\t\t\t\t<\/div>\n\t\t\t\t<div class=\"elementor-element elementor-element-5977acb9 elementor-invisible elementor-widget elementor-widget-text-editor\" data-id=\"5977acb9\" data-element_type=\"widget\" data-settings=\"{&quot;_animation&quot;:&quot;fadeIn&quot;,&quot;_animation_delay&quot;:400}\" data-widget_type=\"text-editor.default\">\n\t\t\t\t<div class=\"elementor-widget-container\">\n\t\t\t\t\t\t\t\t\t<p style=\"text-align: center;\">\u00c9ducatrice canine sp\u00e9cialis\u00e9e en \u00e9ducation positive, <br \/>j&rsquo;accompagne les propri\u00e9taires \u00e0 r\u00e9v\u00e9ler la belle \u00e2me de leur chien.<\/p>\t\t\t\t\t\t\t\t<\/div>\n\t\t\t\t<\/div>\n\t\t\t\t<\/div>\n\t\t\t\t<\/div>\n\t\t<div class=\"elementor-element elementor-element-1ae43588 e-flex e-con-boxed wpr-particle-no wpr-jarallax-no wpr-parallax-no wpr-sticky-section-no e-con e-parent\" data-id=\"1ae43588\" data-element_type=\"container\">\n\t\t\t\t\t<div class=\"e-con-inner\">\n\t\t\t\t<div class=\"elementor-element elementor-element-64c1ea1e elementor-widget elementor-widget-spacer\" data-id=\"64c1ea1e\" data-element_type=\"widget\" data-widget_type=\"spacer.default\">\n\t\t\t\t<div class=\"elementor-widget-container\">\n\t\t\t\t\t\t\t<div class=\"elementor-spacer\">\n\t\t\t<div class=\"elementor-spacer-inner\"><\/div>\n\t\t<\/div>\n\t\t\t\t\t\t<\/div>\n\t\t\t\t<\/div>\n\t\t\t\t\t<\/div>\n\t\t\t\t<\/div>\n\t\t<div class=\"elementor-element elementor-element-627e6780 e-flex e-con-boxed wpr-particle-no wpr-jarallax-no wpr-parallax-no wpr-sticky-section-no e-con e-parent\" data-id=\"627e6780\" data-element_type=\"container\">\n\t\t\t\t\t<div class=\"e-con-inner\">\n\t\t<div class=\"elementor-element elementor-element-598025c9 e-con-full e-flex wpr-particle-no wpr-jarallax-no wpr-parallax-no wpr-sticky-section-no e-con e-child\" data-id=\"598025c9\" data-element_type=\"container\">\n\t\t<div class=\"elementor-element elementor-element-4ed7afc0 e-con-full e-flex wpr-particle-no wpr-jarallax-no wpr-parallax-no wpr-sticky-section-no e-con e-child\" data-id=\"4ed7afc0\" data-element_type=\"container\">\n\t\t\t\t<div class=\"elementor-element elementor-element-e9dbcbc elementor-widget elementor-widget-heading\" data-id=\"e9dbcbc\" data-element_type=\"widget\" data-widget_type=\"heading.default\">\n\t\t\t\t<div class=\"elementor-widget-container\">\n\t\t\t\t\t<h6 class=\"elementor-heading-title elementor-size-default\">Bonjour,<\/h6>\t\t\t\t<\/div>\n\t\t\t\t<\/div>\n\t\t\t\t<div class=\"elementor-element elementor-element-3353e219 elementor-widget elementor-widget-heading\" data-id=\"3353e219\" data-element_type=\"widget\" data-widget_type=\"heading.default\">\n\t\t\t\t<div class=\"elementor-widget-container\">\n\t\t\t\t\t<h2 class=\"elementor-heading-title elementor-size-default\">Jennifer !<\/h2>\t\t\t\t<\/div>\n\t\t\t\t<\/div>\n\t\t\t\t<div class=\"elementor-element elementor-element-1e1f37ca elementor-invisible elementor-widget elementor-widget-text-editor\" data-id=\"1e1f37ca\" data-element_type=\"widget\" data-settings=\"{&quot;_animation&quot;:&quot;fadeIn&quot;,&quot;_animation_delay&quot;:400}\" data-widget_type=\"text-editor.default\">\n\t\t\t\t<div class=\"elementor-widget-container\">\n\t\t\t\t\t\t\t\t\t<p>Je m&rsquo;appelle Jennifer Davey, \u00e9ducatrice canine sp\u00e9cialis\u00e9e en comportement, et fondatrice de Jen &amp; Oklao. Passionn\u00e9e par les animaux depuis toujours, j\u2019ai fait de cette passion mon m\u00e9tier.<br \/>Form\u00e9e au Centre ERC (\u00c9ducation et R\u00e9\u00e9ducation Canine) \u00e0 Aix-en-Provence \u2013 Puyricard, j&rsquo;ai obtenu ma certification avec mention \u00ab\u00a0excellent\u00a0\u00bb. Ce centre, reconnu pour ses valeurs de respect et de bienveillance, m\u2019a permis de d\u00e9velopper une approche douce et respectueuse pour accompagner les chiens et leurs propri\u00e9taires.<\/p><p>En plus de mon expertise en \u00e9ducation canine, je suis titulaire d&rsquo;une licence en Biodiversit\u00e9 et \u00c9cologie, ce qui m\u2019offre une compr\u00e9hension globale des interactions entre les animaux et leur environnement. Cette approche holistique enrichit ma pratique, alliant connaissances scientifiques et respect du bien-\u00eatre animal.<\/p>\t\t\t\t\t\t\t\t<\/div>\n\t\t\t\t<\/div>\n\t\t\t\t<div class=\"elementor-element elementor-element-5ba45d41 elementor-align-left elementor-mobile-align-center elementor-invisible elementor-widget elementor-widget-button\" data-id=\"5ba45d41\" data-element_type=\"widget\" data-settings=\"{&quot;_animation&quot;:&quot;fadeIn&quot;,&quot;_animation_delay&quot;:400}\" data-widget_type=\"button.default\">\n\t\t\t\t<div class=\"elementor-widget-container\">\n\t\t\t\t\t\t\t\t\t<div class=\"elementor-button-wrapper\">\n\t\t\t\t\t<a class=\"elementor-button elementor-button-link elementor-size-sm\" href=\"https:\/\/jenetoklao.fr\/wp-content\/uploads\/2024\/08\/diplome_educatriceCanin_Jennifer.jpg\">\n\t\t\t\t\t\t<span class=\"elementor-button-content-wrapper\">\n\t\t\t\t\t\t<span class=\"elementor-button-icon\">\n\t\t\t\t<svg aria-hidden=\"true\" class=\"e-font-icon-svg e-fas-arrow-right\" viewBox=\"0 0 448 512\" xmlns=\"http:\/\/www.w3.org\/2000\/svg\"><path d=\"M190.5 66.9l22.2-22.2c9.4-9.4 24.6-9.4 33.9 0L441 239c9.4 9.4 9.4 24.6 0 33.9L246.6 467.3c-9.4 9.4-24.6 9.4-33.9 0l-22.2-22.2c-9.5-9.5-9.3-25 .4-34.3L311.4 296H24c-13.3 0-24-10.7-24-24v-32c0-13.3 10.7-24 24-24h287.4L190.9 101.2c-9.8-9.3-10-24.8-.4-34.3z\"><\/path><\/svg>\t\t\t<\/span>\n\t\t\t\t\t\t\t\t\t<span class=\"elementor-button-text\">Mes dipl\u00f4mes<\/span>\n\t\t\t\t\t<\/span>\n\t\t\t\t\t<\/a>\n\t\t\t\t<\/div>\n\t\t\t\t\t\t\t\t<\/div>\n\t\t\t\t<\/div>\n\t\t\t\t<\/div>\n\t\t<div class=\"elementor-element elementor-element-3c9202f9 e-con-full e-flex wpr-particle-no wpr-jarallax-no wpr-parallax-no wpr-sticky-section-no e-con e-child\" data-id=\"3c9202f9\" data-element_type=\"container\" data-settings=\"{&quot;background_background&quot;:&quot;classic&quot;}\">\n\t\t\t\t<\/div>\n\t\t\t\t<\/div>\n\t\t\t\t\t<\/div>\n\t\t\t\t<\/div>\n\t\t<div class=\"elementor-element elementor-element-1794b025 e-con-full e-flex wpr-particle-no wpr-jarallax-no wpr-parallax-no wpr-sticky-section-no e-con e-parent\" data-id=\"1794b025\" data-element_type=\"container\">\n\t\t<div class=\"elementor-element elementor-element-1dbc722b e-con-full e-flex wpr-particle-no wpr-jarallax-no wpr-parallax-no wpr-sticky-section-no e-con e-child\" data-id=\"1dbc722b\" data-element_type=\"container\">\n\t\t\t\t<div class=\"elementor-element elementor-element-6c5c664d elementor-widget elementor-widget-heading\" data-id=\"6c5c664d\" data-element_type=\"widget\" data-widget_type=\"heading.default\">\n\t\t\t\t<div class=\"elementor-widget-container\">\n\t\t\t\t\t<h2 class=\"elementor-heading-title elementor-size-default\">Qu\u2019est ce que l\u2019\u00e9ducation positive ?<\/h2>\t\t\t\t<\/div>\n\t\t\t\t<\/div>\n\t\t\t\t<div class=\"elementor-element elementor-element-79626792 elementor-widget__width-initial elementor-widget-mobile__width-inherit elementor-widget elementor-widget-text-editor\" data-id=\"79626792\" data-element_type=\"widget\" data-widget_type=\"text-editor.default\">\n\t\t\t\t<div class=\"elementor-widget-container\">\n\t\t\t\t\t\t\t\t\t<p>L&rsquo;\u00e9ducation positive est une m\u00e9thode centr\u00e9e sur le renforcement positif, c&rsquo;est-\u00e0-dire la r\u00e9compense des bons comportements plut\u00f4t que la punition des comportements ind\u00e9sirables.<\/p><p>Elle repose sur des techniques respectueuses du bien-\u00eatre du chien et vise \u00e0 \u00e9tablir une relation de confiance entre l\u2019animal et son propri\u00e9taire.<\/p>\t\t\t\t\t\t\t\t<\/div>\n\t\t\t\t<\/div>\n\t\t\t\t<div class=\"elementor-element elementor-element-4b5129a elementor-align-left elementor-invisible elementor-widget elementor-widget-button\" data-id=\"4b5129a\" data-element_type=\"widget\" data-settings=\"{&quot;_animation&quot;:&quot;fadeIn&quot;,&quot;_animation_delay&quot;:400}\" data-widget_type=\"button.default\">\n\t\t\t\t<div class=\"elementor-widget-container\">\n\t\t\t\t\t\t\t\t\t<div class=\"elementor-button-wrapper\">\n\t\t\t\t\t<a class=\"elementor-button elementor-button-link elementor-size-sm\" href=\"https:\/\/jenetoklao.fr\/index.php\/mes-services\/\">\n\t\t\t\t\t\t<span class=\"elementor-button-content-wrapper\">\n\t\t\t\t\t\t\t\t\t<span class=\"elementor-button-text\">Je d\u00e9couvre les programmes<\/span>\n\t\t\t\t\t<\/span>\n\t\t\t\t\t<\/a>\n\t\t\t\t<\/div>\n\t\t\t\t\t\t\t\t<\/div>\n\t\t\t\t<\/div>\n\t\t\t\t<\/div>\n\t\t<div class=\"elementor-element elementor-element-6a4683ef e-con-full e-flex wpr-particle-no wpr-jarallax-no wpr-parallax-no wpr-sticky-section-no e-con e-child\" data-id=\"6a4683ef\" data-element_type=\"container\">\n\t\t\t\t<div class=\"elementor-element elementor-element-549d9bf3 elementor-widget elementor-widget-heading\" data-id=\"549d9bf3\" data-element_type=\"widget\" data-widget_type=\"heading.default\">\n\t\t\t\t<div class=\"elementor-widget-container\">\n\t\t\t\t\t<h2 class=\"elementor-heading-title elementor-size-default\">Pourquoi <br>Jen &amp; Oklao ?<\/h2>\t\t\t\t<\/div>\n\t\t\t\t<\/div>\n\t\t\t\t<div class=\"elementor-element elementor-element-15deb0a2 elementor-widget__width-initial elementor-widget-mobile__width-inherit elementor-widget elementor-widget-text-editor\" data-id=\"15deb0a2\" data-element_type=\"widget\" data-widget_type=\"text-editor.default\">\n\t\t\t\t<div class=\"elementor-widget-container\">\n\t\t\t\t\t\t\t\t\t<p>J\u2019ai choisi le nom \u00ab\u00a0Jen &amp; Oklao\u00a0\u00bb en r\u00e9f\u00e9rence \u00e0 ma propre histoire : \u00ab\u00a0Jen\u00a0\u00bb pour Jennifer, et \u00ab\u00a0Oklao\u00a0\u00bb pour mon fid\u00e8le compagnon canin.<br \/>Oklao partage ma vie depuis plus de 5 ans, et notre relation est bas\u00e9e sur une complicit\u00e9 profonde et harmonieuse.<\/p><p>Pour moi, il incarne l\u2019\u00e9quilibre parfait entre un ma\u00eetre et son chien, une relation saine et respectueuse.<br \/>C\u2019est pr\u00e9cis\u00e9ment cette connexion que je souhaite transmettre lors de mes s\u00e9ances d\u2019\u00e9ducation : une relation de confiance et de compr\u00e9hension mutuelle entre l\u2019humain et l\u2019animal.<\/p>\t\t\t\t\t\t\t\t<\/div>\n\t\t\t\t<\/div>\n\t\t\t\t<\/div>\n\t\t\t\t<\/div>\n\t\t<div class=\"elementor-element elementor-element-6785f376 e-flex e-con-boxed wpr-particle-no wpr-jarallax-no wpr-parallax-no wpr-sticky-section-no e-con e-parent\" data-id=\"6785f376\" data-element_type=\"container\">\n\t\t\t\t\t<div class=\"e-con-inner\">\n\t\t\t\t<div class=\"elementor-element elementor-element-39528fed elementor-widget elementor-widget-spacer\" data-id=\"39528fed\" data-element_type=\"widget\" data-widget_type=\"spacer.default\">\n\t\t\t\t<div class=\"elementor-widget-container\">\n\t\t\t\t\t\t\t<div class=\"elementor-spacer\">\n\t\t\t<div class=\"elementor-spacer-inner\"><\/div>\n\t\t<\/div>\n\t\t\t\t\t\t<\/div>\n\t\t\t\t<\/div>\n\t\t\t\t\t<\/div>\n\t\t\t\t<\/div>\n\t\t<div class=\"elementor-element elementor-element-68989d82 e-con-full e-flex wpr-particle-no wpr-jarallax-no wpr-parallax-no wpr-sticky-section-no e-con e-parent\" data-id=\"68989d82\" data-element_type=\"container\">\n\t\t<div class=\"elementor-element elementor-element-479bf921 e-con-full e-flex wpr-particle-no wpr-jarallax-no wpr-parallax-no wpr-sticky-section-no e-con e-child\" data-id=\"479bf921\" data-element_type=\"container\" data-settings=\"{&quot;background_background&quot;:&quot;classic&quot;}\">\n\t\t\t\t<\/div>\n\t\t<div class=\"elementor-element elementor-element-2cf04ed6 e-con-full e-flex wpr-particle-no wpr-jarallax-no wpr-parallax-no wpr-sticky-section-no e-con e-child\" data-id=\"2cf04ed6\" data-element_type=\"container\">\n\t\t\t\t<div class=\"elementor-element elementor-element-176e30f2 elementor-widget elementor-widget-heading\" data-id=\"176e30f2\" data-element_type=\"widget\" data-widget_type=\"heading.default\">\n\t\t\t\t<div class=\"elementor-widget-container\">\n\t\t\t\t\t<h6 class=\"elementor-heading-title elementor-size-default\">mon associ\u00e9 \u00e0 quatre pattes,<\/h6>\t\t\t\t<\/div>\n\t\t\t\t<\/div>\n\t\t\t\t<div class=\"elementor-element elementor-element-53cc6357 elementor-widget elementor-widget-heading\" data-id=\"53cc6357\" data-element_type=\"widget\" data-widget_type=\"heading.default\">\n\t\t\t\t<div class=\"elementor-widget-container\">\n\t\t\t\t\t<h1 class=\"elementor-heading-title elementor-size-default\">Oklao <\/h1>\t\t\t\t<\/div>\n\t\t\t\t<\/div>\n\t\t\t\t<div class=\"elementor-element elementor-element-48b16f1a elementor-invisible elementor-widget elementor-widget-text-editor\" data-id=\"48b16f1a\" data-element_type=\"widget\" data-settings=\"{&quot;_animation&quot;:&quot;fadeIn&quot;,&quot;_animation_delay&quot;:400}\" data-widget_type=\"text-editor.default\">\n\t\t\t\t<div class=\"elementor-widget-container\">\n\t\t\t\t\t\t\t\t\t<p>Oklao, mon Berger Australien de 5 ans, est bien plus qu\u2019un simple compagnon : il est mon associ\u00e9 et meilleur ami. Toujours \u00e0 mes c\u00f4t\u00e9s, il joue un r\u00f4le essentiel en aidant les chiens qui \u00e9prouvent des difficult\u00e9s \u00e0 interagir avec leurs cong\u00e9n\u00e8res.<\/p><p>Sa personnalit\u00e9 : Oklao est \u00e0 la fois joueur et calme, curieux et sociable. Dot\u00e9 d\u2019une grande \u00e9coute, il aime \u00eatre entour\u00e9 et participe activement aux s\u00e9ances. Selon le programme choisi pour votre chien, vous aurez peut-\u00eatre l\u2019occasion de le rencontrer et de le voir \u00e0 l\u2019\u0153uvre avec ses compagnons canins.<\/p>\t\t\t\t\t\t\t\t<\/div>\n\t\t\t\t<\/div>\n\t\t\t\t<\/div>\n\t\t\t\t<\/div>\n\t\t\t\t<\/div>\n\t\t","protected":false},"excerpt":{"rendered":"<p>Jen &amp; Oklao \u00c9ducatrice canine sp\u00e9cialis\u00e9e en \u00e9ducation positive, j&rsquo;accompagne les propri\u00e9taires \u00e0 r\u00e9v\u00e9ler la belle \u00e2me de leur chien. Bonjour, Jennifer ! Je m&rsquo;appelle Jennifer Davey, \u00e9ducatrice canine sp\u00e9cialis\u00e9e en comportement, et fondatrice de Jen &amp; Oklao. Passionn\u00e9e par les animaux depuis toujours, j\u2019ai fait de cette passion mon m\u00e9tier.Form\u00e9e au Centre ERC (\u00c9ducation et R\u00e9\u00e9ducation Canine) \u00e0 Aix-en-Provence \u2013 Puyricard, j&rsquo;ai obtenu ma certification avec mention \u00ab\u00a0excellent\u00a0\u00bb. Ce centre, reconnu pour ses valeurs de respect et de bienveillance, m\u2019a permis de d\u00e9velopper une approche douce et respectueuse pour accompagner les chiens et leurs propri\u00e9taires. En plus de mon expertise en \u00e9ducation canine, je suis titulaire d&rsquo;une licence en Biodiversit\u00e9 et \u00c9cologie, ce qui m\u2019offre une compr\u00e9hension globale des interactions entre les animaux et leur environnement. Cette approche holistique enrichit ma pratique, alliant connaissances scientifiques et respect du bien-\u00eatre animal. Mes dipl\u00f4mes Qu\u2019est ce que l\u2019\u00e9ducation positive ? L&rsquo;\u00e9ducation positive est une m\u00e9thode centr\u00e9e sur le renforcement positif, c&rsquo;est-\u00e0-dire la r\u00e9compense des bons comportements plut\u00f4t que la punition des comportements ind\u00e9sirables. Elle repose sur des techniques respectueuses du bien-\u00eatre du chien et vise \u00e0 \u00e9tablir une relation de confiance entre l\u2019animal et son propri\u00e9taire. Je d\u00e9couvre les programmes Pourquoi Jen &amp; Oklao ? J\u2019ai choisi le nom \u00ab\u00a0Jen &amp; Oklao\u00a0\u00bb en r\u00e9f\u00e9rence \u00e0 ma propre histoire : \u00ab\u00a0Jen\u00a0\u00bb pour Jennifer, et \u00ab\u00a0Oklao\u00a0\u00bb pour mon fid\u00e8le compagnon canin.Oklao partage ma vie depuis plus de 5 ans, et notre relation est bas\u00e9e sur une complicit\u00e9 profonde et harmonieuse. Pour moi, il incarne l\u2019\u00e9quilibre parfait entre un ma\u00eetre et son chien, une relation saine et respectueuse.C\u2019est pr\u00e9cis\u00e9ment cette connexion que je souhaite transmettre lors de mes s\u00e9ances d\u2019\u00e9ducation : une relation de confiance et de compr\u00e9hension mutuelle entre l\u2019humain et l\u2019animal. mon associ\u00e9 \u00e0 quatre pattes, Oklao Oklao, mon Berger Australien de 5 ans, est bien plus qu\u2019un simple compagnon : il est mon associ\u00e9 et meilleur ami. Toujours \u00e0 mes c\u00f4t\u00e9s, il joue un r\u00f4le essentiel en aidant les chiens qui \u00e9prouvent des difficult\u00e9s \u00e0 interagir avec leurs cong\u00e9n\u00e8res. Sa personnalit\u00e9 : Oklao est \u00e0 la fois joueur et calme, curieux et sociable. Dot\u00e9 d\u2019une grande \u00e9coute, il aime \u00eatre entour\u00e9 et participe activement aux s\u00e9ances. Selon le programme choisi pour votre chien, vous aurez peut-\u00eatre l\u2019occasion de le rencontrer et de le voir \u00e0 l\u2019\u0153uvre avec ses compagnons canins.<\/p>\n","protected":false},"author":1,"featured_media":0,"parent":0,"menu_order":0,"comment_status":"closed","ping_status":"closed","template":"elementor_header_footer","meta":{"_acf_changed":false,"inline_featured_image":false,"_themeisle_gutenberg_block_has_review":false,"footnotes":""},"class_list":["post-102","page","type-page","status-publish","hentry"],"acf":[],"yoast_head":"<!-- This site is optimized with the Yoast SEO plugin v26.3 - https:\/\/yoast.com\/wordpress\/plugins\/seo\/ -->\n<title>\u00e0 propos - Jennifer Davey \u00e9ducatrice canine positive \u00e0 Istres<\/title>\n<meta name=\"description\" content=\"Passionn\u00e9e par la relation humain-chien, je vous guide avec douceur vers une \u00e9ducation positive et \u00e9quilibr\u00e9e \u00e0 Istres.\" \/>\n<meta name=\"robots\" content=\"index, follow, max-snippet:-1, max-image-preview:large, max-video-preview:-1\" \/>\n<link rel=\"canonical\" href=\"https:\/\/jenetoklao.fr\/index.php\/a-propos\/\" \/>\n<meta property=\"og:locale\" content=\"fr_FR\" \/>\n<meta property=\"og:type\" content=\"article\" \/>\n<meta property=\"og:title\" content=\"\u00e0 propos - Jennifer Davey \u00e9ducatrice canine positive \u00e0 Istres\" \/>\n<meta property=\"og:description\" content=\"Passionn\u00e9e par la relation humain-chien, je vous guide avec douceur vers une \u00e9ducation positive et \u00e9quilibr\u00e9e \u00e0 Istres.\" \/>\n<meta property=\"og:url\" content=\"https:\/\/jenetoklao.fr\/index.php\/a-propos\/\" \/>\n<meta property=\"og:site_name\" content=\"Jen &amp; Oklao\" \/>\n<meta property=\"article:modified_time\" content=\"2025-10-09T19:07:01+00:00\" \/>\n<meta name=\"twitter:card\" content=\"summary_large_image\" \/>\n<meta name=\"twitter:label1\" content=\"Dur\u00e9e de lecture estim\u00e9e\" \/>\n\t<meta name=\"twitter:data1\" content=\"2 minutes\" \/>\n<script type=\"application\/ld+json\" class=\"yoast-schema-graph\">{\"@context\":\"https:\/\/schema.org\",\"@graph\":[{\"@type\":\"WebPage\",\"@id\":\"https:\/\/jenetoklao.fr\/index.php\/a-propos\/\",\"url\":\"https:\/\/jenetoklao.fr\/index.php\/a-propos\/\",\"name\":\"\u00e0 propos - Jennifer Davey \u00e9ducatrice canine positive \u00e0 Istres\",\"isPartOf\":{\"@id\":\"https:\/\/jenetoklao.fr\/#website\"},\"datePublished\":\"2024-08-22T17:51:02+00:00\",\"dateModified\":\"2025-10-09T19:07:01+00:00\",\"description\":\"Passionn\u00e9e par la relation humain-chien, je vous guide avec douceur vers une \u00e9ducation positive et \u00e9quilibr\u00e9e \u00e0 Istres.\",\"breadcrumb\":{\"@id\":\"https:\/\/jenetoklao.fr\/index.php\/a-propos\/#breadcrumb\"},\"inLanguage\":\"fr-FR\",\"potentialAction\":[{\"@type\":\"ReadAction\",\"target\":[\"https:\/\/jenetoklao.fr\/index.php\/a-propos\/\"]}]},{\"@type\":\"BreadcrumbList\",\"@id\":\"https:\/\/jenetoklao.fr\/index.php\/a-propos\/#breadcrumb\",\"itemListElement\":[{\"@type\":\"ListItem\",\"position\":1,\"name\":\"Accueil\",\"item\":\"https:\/\/jenetoklao.fr\/\"},{\"@type\":\"ListItem\",\"position\":2,\"name\":\"\u00e0 propos\"}]},{\"@type\":\"WebSite\",\"@id\":\"https:\/\/jenetoklao.fr\/#website\",\"url\":\"https:\/\/jenetoklao.fr\/\",\"name\":\"Jen &amp; Oklao\",\"description\":\"\",\"publisher\":{\"@id\":\"https:\/\/jenetoklao.fr\/#organization\"},\"potentialAction\":[{\"@type\":\"SearchAction\",\"target\":{\"@type\":\"EntryPoint\",\"urlTemplate\":\"https:\/\/jenetoklao.fr\/?s={search_term_string}\"},\"query-input\":{\"@type\":\"PropertyValueSpecification\",\"valueRequired\":true,\"valueName\":\"search_term_string\"}}],\"inLanguage\":\"fr-FR\"},{\"@type\":\"Organization\",\"@id\":\"https:\/\/jenetoklao.fr\/#organization\",\"name\":\"Jen &amp; Oklao\",\"url\":\"https:\/\/jenetoklao.fr\/\",\"logo\":{\"@type\":\"ImageObject\",\"inLanguage\":\"fr-FR\",\"@id\":\"https:\/\/jenetoklao.fr\/#\/schema\/logo\/image\/\",\"url\":\"https:\/\/jenetoklao.fr\/wp-content\/uploads\/2024\/08\/logo.png\",\"contentUrl\":\"https:\/\/jenetoklao.fr\/wp-content\/uploads\/2024\/08\/logo.png\",\"width\":500,\"height\":500,\"caption\":\"Jen &amp; Oklao\"},\"image\":{\"@id\":\"https:\/\/jenetoklao.fr\/#\/schema\/logo\/image\/\"}}]}<\/script>\n<!-- \/ Yoast SEO plugin. -->","yoast_head_json":{"title":"\u00e0 propos - Jennifer Davey \u00e9ducatrice canine positive \u00e0 Istres","description":"Passionn\u00e9e par la relation humain-chien, je vous guide avec douceur vers une \u00e9ducation positive et \u00e9quilibr\u00e9e \u00e0 Istres.","robots":{"index":"index","follow":"follow","max-snippet":"max-snippet:-1","max-image-preview":"max-image-preview:large","max-video-preview":"max-video-preview:-1"},"canonical":"https:\/\/jenetoklao.fr\/index.php\/a-propos\/","og_locale":"fr_FR","og_type":"article","og_title":"\u00e0 propos - Jennifer Davey \u00e9ducatrice canine positive \u00e0 Istres","og_description":"Passionn\u00e9e par la relation humain-chien, je vous guide avec douceur vers une \u00e9ducation positive et \u00e9quilibr\u00e9e \u00e0 Istres.","og_url":"https:\/\/jenetoklao.fr\/index.php\/a-propos\/","og_site_name":"Jen &amp; Oklao","article_modified_time":"2025-10-09T19:07:01+00:00","twitter_card":"summary_large_image","twitter_misc":{"Dur\u00e9e de lecture estim\u00e9e":"2 minutes"},"schema":{"@context":"https:\/\/schema.org","@graph":[{"@type":"WebPage","@id":"https:\/\/jenetoklao.fr\/index.php\/a-propos\/","url":"https:\/\/jenetoklao.fr\/index.php\/a-propos\/","name":"\u00e0 propos - Jennifer Davey \u00e9ducatrice canine positive \u00e0 Istres","isPartOf":{"@id":"https:\/\/jenetoklao.fr\/#website"},"datePublished":"2024-08-22T17:51:02+00:00","dateModified":"2025-10-09T19:07:01+00:00","description":"Passionn\u00e9e par la relation humain-chien, je vous guide avec douceur vers une \u00e9ducation positive et \u00e9quilibr\u00e9e \u00e0 Istres.","breadcrumb":{"@id":"https:\/\/jenetoklao.fr\/index.php\/a-propos\/#breadcrumb"},"inLanguage":"fr-FR","potentialAction":[{"@type":"ReadAction","target":["https:\/\/jenetoklao.fr\/index.php\/a-propos\/"]}]},{"@type":"BreadcrumbList","@id":"https:\/\/jenetoklao.fr\/index.php\/a-propos\/#breadcrumb","itemListElement":[{"@type":"ListItem","position":1,"name":"Accueil","item":"https:\/\/jenetoklao.fr\/"},{"@type":"ListItem","position":2,"name":"\u00e0 propos"}]},{"@type":"WebSite","@id":"https:\/\/jenetoklao.fr\/#website","url":"https:\/\/jenetoklao.fr\/","name":"Jen &amp; Oklao","description":"","publisher":{"@id":"https:\/\/jenetoklao.fr\/#organization"},"potentialAction":[{"@type":"SearchAction","target":{"@type":"EntryPoint","urlTemplate":"https:\/\/jenetoklao.fr\/?s={search_term_string}"},"query-input":{"@type":"PropertyValueSpecification","valueRequired":true,"valueName":"search_term_string"}}],"inLanguage":"fr-FR"},{"@type":"Organization","@id":"https:\/\/jenetoklao.fr\/#organization","name":"Jen &amp; Oklao","url":"https:\/\/jenetoklao.fr\/","logo":{"@type":"ImageObject","inLanguage":"fr-FR","@id":"https:\/\/jenetoklao.fr\/#\/schema\/logo\/image\/","url":"https:\/\/jenetoklao.fr\/wp-content\/uploads\/2024\/08\/logo.png","contentUrl":"https:\/\/jenetoklao.fr\/wp-content\/uploads\/2024\/08\/logo.png","width":500,"height":500,"caption":"Jen &amp; Oklao"},"image":{"@id":"https:\/\/jenetoklao.fr\/#\/schema\/logo\/image\/"}}]}},"_links":{"self":[{"href":"https:\/\/jenetoklao.fr\/index.php\/wp-json\/wp\/v2\/pages\/102","targetHints":{"allow":["GET"]}}],"collection":[{"href":"https:\/\/jenetoklao.fr\/index.php\/wp-json\/wp\/v2\/pages"}],"about":[{"href":"https:\/\/jenetoklao.fr\/index.php\/wp-json\/wp\/v2\/types\/page"}],"author":[{"embeddable":true,"href":"https:\/\/jenetoklao.fr\/index.php\/wp-json\/wp\/v2\/users\/1"}],"replies":[{"embeddable":true,"href":"https:\/\/jenetoklao.fr\/index.php\/wp-json\/wp\/v2\/comments?post=102"}],"version-history":[{"count":34,"href":"https:\/\/jenetoklao.fr\/index.php\/wp-json\/wp\/v2\/pages\/102\/revisions"}],"predecessor-version":[{"id":662,"href":"https:\/\/jenetoklao.fr\/index.php\/wp-json\/wp\/v2\/pages\/102\/revisions\/662"}],"wp:attachment":[{"href":"https:\/\/jenetoklao.fr\/index.php\/wp-json\/wp\/v2\/media?parent=102"}],"curies":[{"name":"wp","href":"https:\/\/api.w.org\/{rel}","templated":true}]}}